{"id":9,"date":"2026-03-02T11:28:53","date_gmt":"2026-03-02T11:28:53","guid":{"rendered":"https:\/\/jebkory.online\/?page_id=9"},"modified":"2026-03-03T13:33:20","modified_gmt":"2026-03-03T13:33:20","slug":"werkstatt-service","status":"publish","type":"page","link":"https:\/\/jebkory.online\/","title":{"rendered":"Werkstatt Service"},"content":{"rendered":"\n<figure class=\"wp-block-image size-large\"><img loading=\"lazy\" decoding=\"async\" width=\"1024\" height=\"576\" src=\"https:\/\/jebkory.online\/wp-content\/uploads\/2026\/03\/1Ru6XyJo0HlFu4B-1024x576.jpg\" alt=\"\" class=\"wp-image-11\" srcset=\"https:\/\/jebkory.online\/wp-content\/uploads\/2026\/03\/1Ru6XyJo0HlFu4B-1024x576.jpg 1024w, https:\/\/jebkory.online\/wp-content\/uploads\/2026\/03\/1Ru6XyJo0HlFu4B-300x169.jpg 300w, https:\/\/jebkory.online\/wp-content\/uploads\/2026\/03\/1Ru6XyJo0HlFu4B-768x432.jpg 768w, https:\/\/jebkory.online\/wp-content\/uploads\/2026\/03\/1Ru6XyJo0HlFu4B.jpg 1280w\" sizes=\"auto, (max-width: 1024px) 100vw, 1024px\" \/><\/figure>\n\n\n\n<p>Moin, ich bin Klaus-Peter. Wenn Sie hier in Dortmund oder irgendwo im Ruhrpott ein Problem mit Ihrem Wagen haben, dann wissen Sie, dass man hier keine M\u00e4rchen braucht, sondern jemanden, der wei\u00df, wie man einen Schraubenschl\u00fcssel h\u00e4lt. Mein Vater hat hier schon an Motoren geschraubt, als der Kohleabbau noch das Stadtbild bestimmte, und ich mache das jetzt seit \u00fcber drei\u00dfig Jahren. In meiner Werkstatt gibt es keine Glaspal\u00e4ste und keine Verk\u00e4ufer in Krawatten, die Ihnen eine neue Finanzierung aufschwatzen wollen. Hier gibt es ehrliches Handwerk. Ein Auto ist f\u00fcr mich kein Prestigeobjekt, sondern eine Maschine, die funktionieren muss. Ob Sie nun mit einem alten Golf oder einem modernen SUV zu mir kommen \u2013 das Prinzip bleibt gleich: Technik braucht Pflege, Verstand und anst\u00e4ndige Ersatzteile. Wir im Ruhrgebiet sagen immer: Butter bei die Fische. Das hei\u00dft, wir reden nicht lange um den hei\u00dfen Brei herum. Wenn Ihre Bremsen durch sind, dann sind sie durch, und ich werde Ihnen nicht sagen, dass es noch zwei Monate h\u00e4lt, nur damit Sie sich besser f\u00fchlen.<\/p>\n\n\n\n<p>\u2588\u2588\u2588\u2588\u2588\u2588 TRANSPARENZ \u2588\u2588\u2588\u2588\u2588\u2588<\/p>\n\n\n\n<p>Transparenz ist in diesem Gesch\u00e4ft alles. Ich habe schon zu oft erlebt, dass Kunden aus den gro\u00dfen Vertragswerkst\u00e4tten zu mir kommen und Rechnungen pr\u00e4sentieren, die so lang sind wie die A45 am Freitagabend. Da werden Positionen aufgef\u00fchrt, die kein Mensch versteht. Bei mir l\u00e4uft das anders. Wenn ich den Wagen auf der B\u00fchne habe, rufen wir uns kurz zusammen. Ich zeige Ihnen genau, wo der Rost sitzt, welches Lager Spiel hat oder warum der Motor \u00d6l verliert. Ich verbaue keine Teile, die ich nicht auch in den Wagen meiner Frau stecken w\u00fcrde. Erstausr\u00fcsterqualit\u00e4t ist das Stichwort. Wir nutzen Marken wie Bosch, Mahle oder Continental. Warum? Weil ich keine Lust habe, dass Sie nach zwei Wochen wieder auf dem Hof stehen, weil das Billigteil aus dem Internet den Geist aufgegeben hat. Das kostet Sie Nerven und mich meine Zeit, und darauf habe ich keine Lust.<\/p>\n\n\n\n<figure class=\"wp-block-image size-full\"><img loading=\"lazy\" decoding=\"async\" width=\"1024\" height=\"576\" src=\"https:\/\/jebkory.online\/wp-content\/uploads\/2026\/03\/4vJ9ZHDJgv.jpg\" alt=\"\" class=\"wp-image-12\" srcset=\"https:\/\/jebkory.online\/wp-content\/uploads\/2026\/03\/4vJ9ZHDJgv.jpg 1024w, https:\/\/jebkory.online\/wp-content\/uploads\/2026\/03\/4vJ9ZHDJgv-300x169.jpg 300w, https:\/\/jebkory.online\/wp-content\/uploads\/2026\/03\/4vJ9ZHDJgv-768x432.jpg 768w\" sizes=\"auto, (max-width: 1024px) 100vw, 1024px\" \/><\/figure>\n\n\n\n<p>\u25ba Fachm\u00e4nnische Reparaturen aller Fahrzeugmarken und Modelle.<br>\u25ba Verwendung von zertifizierten Ersatzteilen namhafter Hersteller.<br>\u25ba Direktannahme am Fahrzeug mit detaillierter Fehlererkl\u00e4rung.<br>\u25ba Faire Preisgestaltung ohne versteckte Zusatzkosten.<br>\u25ba Termintreue, auf die man sich im Revier verlassen kann.<\/p>\n\n\n\n<p>Ein Auto in Deutschland zu unterhalten, ist teuer genug \u2013 Versicherung, Steuern, Spritpreise. Da muss die Werkstattrechnung nicht auch noch ein Loch in die Haushaltskasse rei\u00dfen, das man nicht mehr flicken kann. Aber Qualit\u00e4t hat eben ihren Preis. Wer meint, er kriegt eine komplette Inspektion zum Preis von einem Kasten Bier, der bel\u00fcgt sich selbst. Ich arbeite effizient, ich kenne die Macken der meisten Modelle auswendig, und ich habe die Diagnoseger\u00e4te, die man heute braucht. Aber am Ende ist es die Erfahrung, die z\u00e4hlt. Wenn der Computer sagt, der Sensor ist kaputt, schaue ich erst mal nach dem Kabel. Oft ist es nur eine Kleinigkeit, und man muss nicht direkt das ganze Steuerger\u00e4t tauschen. Das ist der Unterschied zwischen einem Teiletauscher und einem Mechaniker. Kommen Sie vorbei, trinken wir einen Kaffee, und wir schauen uns Ihren Wagen an. Ehrlich, direkt und ohne Schnickschnack.<\/p>\n","protected":false},"excerpt":{"rendered":"<p>Moin, ich bin Klaus-Peter. Wenn Sie hier in Dortmund oder irgendwo im Ruhrpott ein Problem mit Ihrem Wagen haben, dann wissen Sie, dass man hier keine M\u00e4rchen braucht, sondern jemanden, der wei\u00df, wie man einen Schraubenschl\u00fcssel h\u00e4lt. Mein Vater hat hier schon an Motoren geschraubt, als der Kohleabbau noch das Stadtbild bestimmte, und ich mache [&hellip;]<\/p>\n","protected":false},"author":1,"featured_media":0,"parent":0,"menu_order":1,"comment_status":"closed","ping_status":"closed","template":"","meta":{"footnotes":""},"class_list":["post-9","page","type-page","status-publish","hentry"],"_links":{"self":[{"href":"https:\/\/jebkory.online\/index.php?rest_route=\/wp\/v2\/pages\/9","targetHints":{"allow":["GET"]}}],"collection":[{"href":"https:\/\/jebkory.online\/index.php?rest_route=\/wp\/v2\/pages"}],"about":[{"href":"https:\/\/jebkory.online\/index.php?rest_route=\/wp\/v2\/types\/page"}],"author":[{"embeddable":true,"href":"https:\/\/jebkory.online\/index.php?rest_route=\/wp\/v2\/users\/1"}],"replies":[{"embeddable":true,"href":"https:\/\/jebkory.online\/index.php?rest_route=%2Fwp%2Fv2%2Fcomments&post=9"}],"version-history":[{"count":1,"href":"https:\/\/jebkory.online\/index.php?rest_route=\/wp\/v2\/pages\/9\/revisions"}],"predecessor-version":[{"id":13,"href":"https:\/\/jebkory.online\/index.php?rest_route=\/wp\/v2\/pages\/9\/revisions\/13"}],"wp:attachment":[{"href":"https:\/\/jebkory.online\/index.php?rest_route=%2Fwp%2Fv2%2Fmedia&parent=9"}],"curies":[{"name":"wp","href":"https:\/\/api.w.org\/{rel}","templated":true}]}}